{"id":16,"date":"2019-06-25T09:04:57","date_gmt":"2019-06-25T09:04:57","guid":{"rendered":"http:\/\/www.m-plan.hu\/?page_id=16"},"modified":"2023-02-01T16:20:09","modified_gmt":"2023-02-01T16:20:09","slug":"tanusitvanyok","status":"publish","type":"page","link":"https:\/\/www.m-plan.hu\/en\/tanusitvanyok\/","title":{"rendered":"Certificates"},"content":{"rendered":"","protected":false},"excerpt":{"rendered":"","protected":false},"author":1,"featured_media":68,"parent":0,"menu_order":0,"comment_status":"open","ping_status":"closed","template":"","meta":{"_mi_skip_tracking":false,"footnotes":""},"class_list":["post-16","page","type-page","status-publish","has-post-thumbnail","hentry"],"yoast_head":"\nTan\u00fas\u00edtv\u00e1nyok - M-Plan Europe<\/title>\n<meta name=\"robots\" content=\"index, follow, max-snippet:-1, max-image-preview:large, max-video-preview:-1\" \/>\n<link rel=\"canonical\" href=\"https:\/\/www.m-plan.hu\/en\/tanusitvanyok\/\" \/>\n<meta property=\"og:locale\" content=\"en_US\" \/>\n<meta property=\"og:type\" content=\"article\" \/>\n<meta property=\"og:title\" content=\"Tan\u00fas\u00edtv\u00e1nyok - M-Plan Europe\" \/>\n<meta property=\"og:url\" content=\"https:\/\/www.m-plan.hu\/en\/tanusitvanyok\/\" \/>\n<meta property=\"og:site_name\" content=\"M-Plan Europe\" \/>\n<meta property=\"article:modified_time\" content=\"2023-02-01T16:20:09+00:00\" \/>\n<meta name=\"twitter:card\" content=\"summary_large_image\" \/>\n<meta name=\"twitter:image\" content=\"https:\/\/www.m-plan.hu\/wp-content\/uploads\/2019\/06\/factory2-howwework-subheaderbg.jpg\" \/>\n<script type=\"application\/ld+json\" class=\"yoast-schema-graph\">{\"@context\":\"https:\/\/schema.org\",\"@graph\":[{\"@type\":\"WebPage\",\"@id\":\"https:\/\/www.m-plan.hu\/en\/tanusitvanyok\/\",\"url\":\"https:\/\/www.m-plan.hu\/en\/tanusitvanyok\/\",\"name\":\"Tan\u00fas\u00edtv\u00e1nyok - M-Plan Europe\",\"isPartOf\":{\"@id\":\"https:\/\/www.m-plan.hu\/#website\"},\"datePublished\":\"2019-06-25T09:04:57+00:00\",\"dateModified\":\"2023-02-01T16:20:09+00:00\",\"breadcrumb\":{\"@id\":\"https:\/\/www.m-plan.hu\/en\/tanusitvanyok\/#breadcrumb\"},\"inLanguage\":\"en-US\",\"potentialAction\":[{\"@type\":\"ReadAction\",\"target\":[\"https:\/\/www.m-plan.hu\/en\/tanusitvanyok\/\"]}]},{\"@type\":\"BreadcrumbList\",\"@id\":\"https:\/\/www.m-plan.hu\/en\/tanusitvanyok\/#breadcrumb\",\"itemListElement\":[{\"@type\":\"ListItem\",\"position\":1,\"name\":\"Home\",\"item\":\"https:\/\/www.m-plan.hu\/\"},{\"@type\":\"ListItem\",\"position\":2,\"name\":\"Tan\u00fas\u00edtv\u00e1nyok\"}]},{\"@type\":\"WebSite\",\"@id\":\"https:\/\/www.m-plan.hu\/#website\",\"url\":\"https:\/\/www.m-plan.hu\/\",\"name\":\"M-Plan Europe\",\"description\":\"My WordPress Blog\",\"potentialAction\":[{\"@type\":\"SearchAction\",\"target\":{\"@type\":\"EntryPoint\",\"urlTemplate\":\"https:\/\/www.m-plan.hu\/?s={search_term_string}\"},\"query-input\":\"required name=search_term_string\"}],\"inLanguage\":\"en-US\"}]}<\/script>\n<!-- \/ Yoast SEO plugin. -->","yoast_head_json":{"title":"Tan\u00fas\u00edtv\u00e1nyok - M-Plan Europe","robots":{"index":"index","follow":"follow","max-snippet":"max-snippet:-1","max-image-preview":"max-image-preview:large","max-video-preview":"max-video-preview:-1"},"canonical":"https:\/\/www.m-plan.hu\/en\/tanusitvanyok\/","og_locale":"en_US","og_type":"article","og_title":"Tan\u00fas\u00edtv\u00e1nyok - M-Plan Europe","og_url":"https:\/\/www.m-plan.hu\/en\/tanusitvanyok\/","og_site_name":"M-Plan Europe","article_modified_time":"2023-02-01T16:20:09+00:00","twitter_card":"summary_large_image","twitter_image":"https:\/\/www.m-plan.hu\/wp-content\/uploads\/2019\/06\/factory2-howwework-subheaderbg.jpg","schema":{"@context":"https:\/\/schema.org","@graph":[{"@type":"WebPage","@id":"https:\/\/www.m-plan.hu\/en\/tanusitvanyok\/","url":"https:\/\/www.m-plan.hu\/en\/tanusitvanyok\/","name":"Tan\u00fas\u00edtv\u00e1nyok - M-Plan Europe","isPartOf":{"@id":"https:\/\/www.m-plan.hu\/#website"},"datePublished":"2019-06-25T09:04:57+00:00","dateModified":"2023-02-01T16:20:09+00:00","breadcrumb":{"@id":"https:\/\/www.m-plan.hu\/en\/tanusitvanyok\/#breadcrumb"},"inLanguage":"en-US","potentialAction":[{"@type":"ReadAction","target":["https:\/\/www.m-plan.hu\/en\/tanusitvanyok\/"]}]},{"@type":"BreadcrumbList","@id":"https:\/\/www.m-plan.hu\/en\/tanusitvanyok\/#breadcrumb","itemListElement":[{"@type":"ListItem","position":1,"name":"Home","item":"https:\/\/www.m-plan.hu\/"},{"@type":"ListItem","position":2,"name":"Tan\u00fas\u00edtv\u00e1nyok"}]},{"@type":"WebSite","@id":"https:\/\/www.m-plan.hu\/#website","url":"https:\/\/www.m-plan.hu\/","name":"M-Plan Europe","description":"My WordPress Blog","potentialAction":[{"@type":"SearchAction","target":{"@type":"EntryPoint","urlTemplate":"https:\/\/www.m-plan.hu\/?s={search_term_string}"},"query-input":"required name=search_term_string"}],"inLanguage":"en-US"}]}},"_links":{"self":[{"href":"https:\/\/www.m-plan.hu\/en\/wp-json\/wp\/v2\/pages\/16","targetHints":{"allow":["GET"]}}],"collection":[{"href":"https:\/\/www.m-plan.hu\/en\/wp-json\/wp\/v2\/pages"}],"about":[{"href":"https:\/\/www.m-plan.hu\/en\/wp-json\/wp\/v2\/types\/page"}],"author":[{"embeddable":true,"href":"https:\/\/www.m-plan.hu\/en\/wp-json\/wp\/v2\/users\/1"}],"replies":[{"embeddable":true,"href":"https:\/\/www.m-plan.hu\/en\/wp-json\/wp\/v2\/comments?post=16"}],"version-history":[{"count":1,"href":"https:\/\/www.m-plan.hu\/en\/wp-json\/wp\/v2\/pages\/16\/revisions"}],"predecessor-version":[{"id":157,"href":"https:\/\/www.m-plan.hu\/en\/wp-json\/wp\/v2\/pages\/16\/revisions\/157"}],"wp:featuredmedia":[{"embeddable":true,"href":"https:\/\/www.m-plan.hu\/en\/wp-json\/wp\/v2\/media\/68"}],"wp:attachment":[{"href":"https:\/\/www.m-plan.hu\/en\/wp-json\/wp\/v2\/media?parent=16"}],"curies":[{"name":"wp","href":"https:\/\/api.w.org\/{rel}","templated":true}]}}